{"id":11,"date":"2025-10-13T09:53:15","date_gmt":"2025-10-13T09:53:15","guid":{"rendered":"https:\/\/www.carlatejedo.com\/?page_id=11"},"modified":"2025-10-26T23:27:23","modified_gmt":"2025-10-26T21:27:23","slug":"logros","status":"publish","type":"page","link":"https:\/\/www.carlatejedo.com\/inicio\/logros\/","title":{"rendered":"Logros"},"content":{"rendered":"\t\t<div data-elementor-type=\"wp-page\" data-elementor-id=\"11\" class=\"elementor elementor-11\">\n\t\t\t\t<div class=\"elementor-element elementor-element-54f9d50 e-flex e-con-boxed e-con e-parent\" data-id=\"54f9d50\" data-element_type=\"container\" data-e-type=\"container\">\n\t\t\t\t\t<div class=\"e-con-inner\">\n\t\t\t\t<div class=\"elementor-element elementor-element-5d5f71c elementor-widget elementor-widget-image\" data-id=\"5d5f71c\" data-element_type=\"widget\" data-e-type=\"widget\" data-widget_type=\"image.default\">\n\t\t\t\t\t\t\t\t\t\t\t\t\t\t\t<img fetchpriority=\"high\" decoding=\"async\" width=\"732\" height=\"1024\" src=\"https:\/\/www.carlatejedo.com\/wp-content\/uploads\/2025\/10\/CARLA-PUNO-copia-732x1024.jpg\" class=\"attachment-large size-large wp-image-1513\" alt=\"\" srcset=\"https:\/\/www.carlatejedo.com\/wp-content\/uploads\/2025\/10\/CARLA-PUNO-copia-732x1024.jpg 732w, https:\/\/www.carlatejedo.com\/wp-content\/uploads\/2025\/10\/CARLA-PUNO-copia-215x300.jpg 215w, https:\/\/www.carlatejedo.com\/wp-content\/uploads\/2025\/10\/CARLA-PUNO-copia-768x1074.jpg 768w, https:\/\/www.carlatejedo.com\/wp-content\/uploads\/2025\/10\/CARLA-PUNO-copia.jpg 851w\" sizes=\"(max-width: 732px) 100vw, 732px\" \/>\t\t\t\t\t\t\t\t\t\t\t\t\t\t\t<\/div>\n\t\t\t\t\t<\/div>\n\t\t\t\t<\/div>\n\t\t<div class=\"elementor-element elementor-element-60df3a6 e-flex e-con-boxed e-con e-parent\" data-id=\"60df3a6\" data-element_type=\"container\" data-e-type=\"container\">\n\t\t\t\t\t<div class=\"e-con-inner\">\n\t\t\t\t<div class=\"elementor-element elementor-element-73edfd3 elementor-widget elementor-widget-text-editor\" data-id=\"73edfd3\" data-element_type=\"widget\" data-e-type=\"widget\" data-widget_type=\"text-editor.default\">\n\t\t\t\t\t\t\t\t\t<h5 style=\"text-align: center;\"><strong>\u2666\u00a0Jugadora <\/strong><strong>LPGA &#8211; 2026 ( Ladies profesional golf of America)<\/strong><br \/><strong>* Epson Tour- 2025- 14\u00ba puesto en el Ranking Final de la Race to LPGA<\/strong><br \/><strong>* MIembro del PROSPAIN TEAM (Equipo de promesas profesionales de la Federaci\u00f3n)<\/strong><br \/><strong>* Miembro de la selecci\u00f3n Espa\u00f1ola Amateur desde 2016 hasta el 2024<\/strong><br \/><strong>&#8211; 2025 | 3\u00ba Puesto &#8211; FireKeepers Casino Championship (UNITED STATES)<\/strong><br \/><strong>&#8211; 2025 | Sub.Campeona &#8211; Copper Rock Championship (UNITED STATES)<\/strong><br \/><strong>&#8211; 2025 | 8\u00ba Puesto\u2013 IOA Championship (UNITED STATES)<\/strong><br \/><strong>&#8211; 2025 | 6\u00ba Puesto- Atlantic Beach Classic (UNITED STATES)<\/strong><br \/><strong>&#8211; 2024 | 9\u00ba Puesto, NCAA CHAMPIONSHIP (USA)<\/strong><br \/><strong>&#8211; 2024 | 6\u00ba Lugar, Campeonato de Europa amateur femenino (SUECIA)<\/strong><br \/><strong>&#8211; 2024 | Medalla de Oro en campeonato interautonomico (ESPA\u00d1A)<\/strong><br \/><strong>&#8211; 2023 | Medalla de Oro al M\u00e9rito del Golf Espa\u00f1ol (ESPA\u00d1A)<\/strong><br \/><strong>&#8211; 2023 | Campeona del Campeonato Mundial Universitario, Fisu (ITALIA)<\/strong><br \/><strong>&#8211; 2023 | Medalla de oro, Campeonato de Europa femenino por equipos (SUECIA)<\/strong><br \/><strong>&#8211; 2023 | Clasificada para AUGUSTA FEMENINO AMATEUR (USA)<\/strong><br \/><strong>&#8211; 2022 | Medalla de Bronce, Campeonato Europa femenino por equipos (FINLAND)<\/strong><br \/><strong>&#8211; 2022 | 7\u00ba Puesto en el Open de Espa\u00f1a Femenino (ESPA\u00d1A)<\/strong><br \/><strong>&#8211; 2022 | Campeona Nacional, Conferencia Sureste (USA)<\/strong><br \/><strong>&#8211; 2022 | Campeona de la Copa Stephens (USA)<\/strong><br \/><strong>&#8211; 2020 | Medalla de Bronce, Campeonato de Portugal Amateur (PORTUGAL)<\/strong><br \/><strong>&#8211; 2019 | Campeona, International Copa Andaluc\u00eda (ESPA\u00d1A)<\/strong><br \/><strong>&#8211; 2019 | Medalla de plata en el Campeonato Europeo de Equipos (EUROPA)<\/strong><br \/><strong>&#8211; 2018 | Campeona, Gran Premio D\u2019Hossegor (FRANCIA)<\/strong><\/h5>\t\t\t\t\t\t\t\t<\/div>\n\t\t\t\t\t<\/div>\n\t\t\t\t<\/div>\n\t\t\t\t<\/div>\n\t\t","protected":false},"excerpt":{"rendered":"<p>\u2666\u00a0Jugadora LPGA &#8211; 2026 ( Ladies profesional golf of America)* Epson Tour- 2025- 14\u00ba puesto en el Ranking Final de la Race to LPGA* MIembro del PROSPAIN TEAM (Equipo de promesas profesionales de la Federaci\u00f3n)* Miembro de la selecci\u00f3n Espa\u00f1ola Amateur desde 2016 hasta el 2024&#8211; 2025 | 3\u00ba Puesto &#8211; FireKeepers Casino Championship (UNITED [&hellip;]<\/p>\n","protected":false},"author":1,"featured_media":0,"parent":0,"menu_order":0,"comment_status":"closed","ping_status":"open","template":"","meta":{"footnotes":""},"class_list":["post-11","page","type-page","status-publish","hentry"],"blocksy_meta":[],"yoast_head":"<!-- This site is optimized with the Yoast SEO plugin v26.2 - https:\/\/yoast.com\/wordpress\/plugins\/seo\/ -->\n<title>Logros - Carla Tejedo<\/title>\n<meta name=\"robots\" content=\"index, follow, max-snippet:-1, max-image-preview:large, max-video-preview:-1\" \/>\n<link rel=\"canonical\" href=\"https:\/\/www.carlatejedo.com\/inicio\/logros\/\" \/>\n<meta property=\"og:locale\" content=\"es_ES\" \/>\n<meta property=\"og:type\" content=\"article\" \/>\n<meta property=\"og:title\" content=\"Logros - Carla Tejedo\" \/>\n<meta property=\"og:description\" content=\"\u2666\u00a0Jugadora LPGA &#8211; 2026 ( Ladies profesional golf of America)* Epson Tour- 2025- 14\u00ba puesto en el Ranking Final de la Race to LPGA* MIembro del PROSPAIN TEAM (Equipo de promesas profesionales de la Federaci\u00f3n)* Miembro de la selecci\u00f3n Espa\u00f1ola Amateur desde 2016 hasta el 2024&#8211; 2025 | 3\u00ba Puesto &#8211; FireKeepers Casino Championship (UNITED [&hellip;]\" \/>\n<meta property=\"og:url\" content=\"https:\/\/www.carlatejedo.com\/inicio\/logros\/\" \/>\n<meta property=\"og:site_name\" content=\"Carla Tejedo\" \/>\n<meta property=\"article:modified_time\" content=\"2025-10-26T21:27:23+00:00\" \/>\n<meta property=\"og:image\" content=\"https:\/\/www.carlatejedo.com\/wp-content\/uploads\/2025\/10\/CARLA-PUNO-copia.jpg\" \/>\n\t<meta property=\"og:image:width\" content=\"851\" \/>\n\t<meta property=\"og:image:height\" content=\"1190\" \/>\n\t<meta property=\"og:image:type\" content=\"image\/jpeg\" \/>\n<meta name=\"twitter:card\" content=\"summary_large_image\" \/>\n<meta name=\"twitter:label1\" content=\"Tiempo de lectura\" \/>\n\t<meta name=\"twitter:data1\" content=\"2 minutos\" \/>\n<script type=\"application\/ld+json\" class=\"yoast-schema-graph\">{\"@context\":\"https:\/\/schema.org\",\"@graph\":[{\"@type\":\"WebPage\",\"@id\":\"https:\/\/www.carlatejedo.com\/inicio\/logros\/\",\"url\":\"https:\/\/www.carlatejedo.com\/inicio\/logros\/\",\"name\":\"Logros - Carla Tejedo\",\"isPartOf\":{\"@id\":\"https:\/\/www.carlatejedo.com\/inicio\/#website\"},\"primaryImageOfPage\":{\"@id\":\"https:\/\/www.carlatejedo.com\/inicio\/logros\/#primaryimage\"},\"image\":{\"@id\":\"https:\/\/www.carlatejedo.com\/inicio\/logros\/#primaryimage\"},\"thumbnailUrl\":\"https:\/\/www.carlatejedo.com\/wp-content\/uploads\/2025\/10\/CARLA-PUNO-copia-732x1024.jpg\",\"datePublished\":\"2025-10-13T09:53:15+00:00\",\"dateModified\":\"2025-10-26T21:27:23+00:00\",\"breadcrumb\":{\"@id\":\"https:\/\/www.carlatejedo.com\/inicio\/logros\/#breadcrumb\"},\"inLanguage\":\"es\",\"potentialAction\":[{\"@type\":\"ReadAction\",\"target\":[\"https:\/\/www.carlatejedo.com\/inicio\/logros\/\"]}]},{\"@type\":\"ImageObject\",\"inLanguage\":\"es\",\"@id\":\"https:\/\/www.carlatejedo.com\/inicio\/logros\/#primaryimage\",\"url\":\"https:\/\/www.carlatejedo.com\/wp-content\/uploads\/2025\/10\/CARLA-PUNO-copia-732x1024.jpg\",\"contentUrl\":\"https:\/\/www.carlatejedo.com\/wp-content\/uploads\/2025\/10\/CARLA-PUNO-copia-732x1024.jpg\"},{\"@type\":\"BreadcrumbList\",\"@id\":\"https:\/\/www.carlatejedo.com\/inicio\/logros\/#breadcrumb\",\"itemListElement\":[{\"@type\":\"ListItem\",\"position\":1,\"name\":\"Portada\",\"item\":\"https:\/\/www.carlatejedo.com\/inicio\/\"},{\"@type\":\"ListItem\",\"position\":2,\"name\":\"Logros\"}]},{\"@type\":\"WebSite\",\"@id\":\"https:\/\/www.carlatejedo.com\/inicio\/#website\",\"url\":\"https:\/\/www.carlatejedo.com\/inicio\/\",\"name\":\"Carla Tejedo\",\"description\":\"Lpga Golf Player\",\"publisher\":{\"@id\":\"https:\/\/www.carlatejedo.com\/inicio\/#\/schema\/person\/a1f61b8e1ea7acfbe4dde54b937ee450\"},\"potentialAction\":[{\"@type\":\"SearchAction\",\"target\":{\"@type\":\"EntryPoint\",\"urlTemplate\":\"https:\/\/www.carlatejedo.com\/inicio\/?s={search_term_string}\"},\"query-input\":{\"@type\":\"PropertyValueSpecification\",\"valueRequired\":true,\"valueName\":\"search_term_string\"}}],\"inLanguage\":\"es\"},{\"@type\":[\"Person\",\"Organization\"],\"@id\":\"https:\/\/www.carlatejedo.com\/inicio\/#\/schema\/person\/a1f61b8e1ea7acfbe4dde54b937ee450\",\"name\":\"CTM\",\"image\":{\"@type\":\"ImageObject\",\"inLanguage\":\"es\",\"@id\":\"https:\/\/www.carlatejedo.com\/inicio\/#\/schema\/person\/image\/\",\"url\":\"https:\/\/www.carlatejedo.com\/wp-content\/uploads\/2025\/10\/Cara-Carla-3--1024x683.png\",\"contentUrl\":\"https:\/\/www.carlatejedo.com\/wp-content\/uploads\/2025\/10\/Cara-Carla-3--1024x683.png\",\"width\":1024,\"height\":683,\"caption\":\"CTM\"},\"logo\":{\"@id\":\"https:\/\/www.carlatejedo.com\/inicio\/#\/schema\/person\/image\/\"},\"sameAs\":[\"https:\/\/www.carlatejedo.com\",\"https:\/\/www.instagram.com\/carlatejedo\/\",\"https:\/\/www.linkedin.com\/in\/carla-tejedo\/\",\"https:\/\/en.wikipedia.org\/wiki\/Carla_Tejedo_Mulet\"]}]}<\/script>\n<!-- \/ Yoast SEO plugin. -->","yoast_head_json":{"title":"Logros - Carla Tejedo","robots":{"index":"index","follow":"follow","max-snippet":"max-snippet:-1","max-image-preview":"max-image-preview:large","max-video-preview":"max-video-preview:-1"},"canonical":"https:\/\/www.carlatejedo.com\/inicio\/logros\/","og_locale":"es_ES","og_type":"article","og_title":"Logros - Carla Tejedo","og_description":"\u2666\u00a0Jugadora LPGA &#8211; 2026 ( Ladies profesional golf of America)* Epson Tour- 2025- 14\u00ba puesto en el Ranking Final de la Race to LPGA* MIembro del PROSPAIN TEAM (Equipo de promesas profesionales de la Federaci\u00f3n)* Miembro de la selecci\u00f3n Espa\u00f1ola Amateur desde 2016 hasta el 2024&#8211; 2025 | 3\u00ba Puesto &#8211; FireKeepers Casino Championship (UNITED [&hellip;]","og_url":"https:\/\/www.carlatejedo.com\/inicio\/logros\/","og_site_name":"Carla Tejedo","article_modified_time":"2025-10-26T21:27:23+00:00","og_image":[{"width":851,"height":1190,"url":"https:\/\/www.carlatejedo.com\/wp-content\/uploads\/2025\/10\/CARLA-PUNO-copia.jpg","type":"image\/jpeg"}],"twitter_card":"summary_large_image","twitter_misc":{"Tiempo de lectura":"2 minutos"},"schema":{"@context":"https:\/\/schema.org","@graph":[{"@type":"WebPage","@id":"https:\/\/www.carlatejedo.com\/inicio\/logros\/","url":"https:\/\/www.carlatejedo.com\/inicio\/logros\/","name":"Logros - Carla Tejedo","isPartOf":{"@id":"https:\/\/www.carlatejedo.com\/inicio\/#website"},"primaryImageOfPage":{"@id":"https:\/\/www.carlatejedo.com\/inicio\/logros\/#primaryimage"},"image":{"@id":"https:\/\/www.carlatejedo.com\/inicio\/logros\/#primaryimage"},"thumbnailUrl":"https:\/\/www.carlatejedo.com\/wp-content\/uploads\/2025\/10\/CARLA-PUNO-copia-732x1024.jpg","datePublished":"2025-10-13T09:53:15+00:00","dateModified":"2025-10-26T21:27:23+00:00","breadcrumb":{"@id":"https:\/\/www.carlatejedo.com\/inicio\/logros\/#breadcrumb"},"inLanguage":"es","potentialAction":[{"@type":"ReadAction","target":["https:\/\/www.carlatejedo.com\/inicio\/logros\/"]}]},{"@type":"ImageObject","inLanguage":"es","@id":"https:\/\/www.carlatejedo.com\/inicio\/logros\/#primaryimage","url":"https:\/\/www.carlatejedo.com\/wp-content\/uploads\/2025\/10\/CARLA-PUNO-copia-732x1024.jpg","contentUrl":"https:\/\/www.carlatejedo.com\/wp-content\/uploads\/2025\/10\/CARLA-PUNO-copia-732x1024.jpg"},{"@type":"BreadcrumbList","@id":"https:\/\/www.carlatejedo.com\/inicio\/logros\/#breadcrumb","itemListElement":[{"@type":"ListItem","position":1,"name":"Portada","item":"https:\/\/www.carlatejedo.com\/inicio\/"},{"@type":"ListItem","position":2,"name":"Logros"}]},{"@type":"WebSite","@id":"https:\/\/www.carlatejedo.com\/inicio\/#website","url":"https:\/\/www.carlatejedo.com\/inicio\/","name":"Carla Tejedo","description":"Lpga Golf Player","publisher":{"@id":"https:\/\/www.carlatejedo.com\/inicio\/#\/schema\/person\/a1f61b8e1ea7acfbe4dde54b937ee450"},"potentialAction":[{"@type":"SearchAction","target":{"@type":"EntryPoint","urlTemplate":"https:\/\/www.carlatejedo.com\/inicio\/?s={search_term_string}"},"query-input":{"@type":"PropertyValueSpecification","valueRequired":true,"valueName":"search_term_string"}}],"inLanguage":"es"},{"@type":["Person","Organization"],"@id":"https:\/\/www.carlatejedo.com\/inicio\/#\/schema\/person\/a1f61b8e1ea7acfbe4dde54b937ee450","name":"CTM","image":{"@type":"ImageObject","inLanguage":"es","@id":"https:\/\/www.carlatejedo.com\/inicio\/#\/schema\/person\/image\/","url":"https:\/\/www.carlatejedo.com\/wp-content\/uploads\/2025\/10\/Cara-Carla-3--1024x683.png","contentUrl":"https:\/\/www.carlatejedo.com\/wp-content\/uploads\/2025\/10\/Cara-Carla-3--1024x683.png","width":1024,"height":683,"caption":"CTM"},"logo":{"@id":"https:\/\/www.carlatejedo.com\/inicio\/#\/schema\/person\/image\/"},"sameAs":["https:\/\/www.carlatejedo.com","https:\/\/www.instagram.com\/carlatejedo\/","https:\/\/www.linkedin.com\/in\/carla-tejedo\/","https:\/\/en.wikipedia.org\/wiki\/Carla_Tejedo_Mulet"]}]}},"_links":{"self":[{"href":"https:\/\/www.carlatejedo.com\/inicio\/wp-json\/wp\/v2\/pages\/11","targetHints":{"allow":["GET"]}}],"collection":[{"href":"https:\/\/www.carlatejedo.com\/inicio\/wp-json\/wp\/v2\/pages"}],"about":[{"href":"https:\/\/www.carlatejedo.com\/inicio\/wp-json\/wp\/v2\/types\/page"}],"author":[{"embeddable":true,"href":"https:\/\/www.carlatejedo.com\/inicio\/wp-json\/wp\/v2\/users\/1"}],"replies":[{"embeddable":true,"href":"https:\/\/www.carlatejedo.com\/inicio\/wp-json\/wp\/v2\/comments?post=11"}],"version-history":[{"count":43,"href":"https:\/\/www.carlatejedo.com\/inicio\/wp-json\/wp\/v2\/pages\/11\/revisions"}],"predecessor-version":[{"id":1728,"href":"https:\/\/www.carlatejedo.com\/inicio\/wp-json\/wp\/v2\/pages\/11\/revisions\/1728"}],"wp:attachment":[{"href":"https:\/\/www.carlatejedo.com\/inicio\/wp-json\/wp\/v2\/media?parent=11"}],"curies":[{"name":"wp","href":"https:\/\/api.w.org\/{rel}","templated":true}]}}